{"id":365,"date":"2020-04-19T10:23:53","date_gmt":"2020-04-19T10:23:53","guid":{"rendered":"https:\/\/lekker.qodeinteractive.com\/?page_id=365"},"modified":"2021-05-05T10:54:15","modified_gmt":"2021-05-05T08:54:15","slug":"blog","status":"publish","type":"page","link":"https:\/\/royczykova.com\/index.php\/blog\/","title":{"rendered":"Blog"},"content":{"rendered":"\t\t<div data-elementor-type=\"wp-page\" data-elementor-id=\"365\" class=\"elementor elementor-365\" data-elementor-settings=\"[]\">\n\t\t\t\t\t\t\t<div class=\"elementor-section-wrap\">\n\t\t\t\t\t\t\t<section class=\"elementor-section elementor-top-section elementor-element elementor-element-eea89d9 elementor-section-boxed elementor-section-height-default elementor-section-height-default qodef-elementor-content-no\" data-id=\"eea89d9\" data-element_type=\"section\">\n\t\t\t\t\t\t<div class=\"elementor-container elementor-column-gap-default\">\n\t\t\t\t\t<div class=\"elementor-column elementor-col-100 elementor-top-column elementor-element elementor-element-2171b12\" data-id=\"2171b12\" data-element_type=\"column\">\n\t\t\t<div class=\"elementor-widget-wrap elementor-element-populated\">\n\t\t\t\t\t\t\t\t<div class=\"elementor-element elementor-element-96d220b elementor-widget elementor-widget-lekker_core_blog_list\" data-id=\"96d220b\" data-element_type=\"widget\" data-widget_type=\"lekker_core_blog_list.default\">\n\t\t\t\t<div class=\"elementor-widget-container\">\n\t\t\t<div class=\"qodef-shortcode qodef-m  qodef-blog qodef--list qodef-item-layout--standard qodef-grid qodef-layout--columns  qodef-gutter--large qodef-col-num--1   qodef-item-layout--standard qodef--no-bottom-space qodef-pagination--off qodef-responsive--predefined\" data-options=\"{&quot;plugin&quot;:&quot;lekker_core&quot;,&quot;module&quot;:&quot;blog\\\/shortcodes&quot;,&quot;shortcode&quot;:&quot;blog-list&quot;,&quot;post_type&quot;:&quot;post&quot;,&quot;next_page&quot;:&quot;2&quot;,&quot;behavior&quot;:&quot;columns&quot;,&quot;images_proportion&quot;:&quot;full&quot;,&quot;columns&quot;:&quot;1&quot;,&quot;columns_responsive&quot;:&quot;predefined&quot;,&quot;columns_1440&quot;:&quot;3&quot;,&quot;columns_1366&quot;:&quot;3&quot;,&quot;columns_1024&quot;:&quot;3&quot;,&quot;columns_768&quot;:&quot;3&quot;,&quot;columns_680&quot;:&quot;3&quot;,&quot;columns_480&quot;:&quot;3&quot;,&quot;space&quot;:&quot;large&quot;,&quot;orderby&quot;:&quot;date&quot;,&quot;order&quot;:&quot;DESC&quot;,&quot;additional_params&quot;:&quot;tax&quot;,&quot;tax&quot;:&quot;category&quot;,&quot;tax_slug&quot;:&quot;aktualnosci&quot;,&quot;tax__in&quot;:&quot;35&quot;,&quot;layout&quot;:&quot;standard&quot;,&quot;title_tag&quot;:&quot;h3&quot;,&quot;excerpt_length&quot;:&quot;522&quot;,&quot;pagination_type&quot;:&quot;no-pagination&quot;,&quot;object_class_name&quot;:&quot;LekkerCoreBlogListShortcode&quot;,&quot;taxonomy_filter&quot;:&quot;category&quot;,&quot;additional_query_args&quot;:{&quot;tax_query&quot;:[{&quot;taxonomy&quot;:&quot;category&quot;,&quot;field&quot;:&quot;slug&quot;,&quot;terms&quot;:&quot;aktualnosci&quot;}]},&quot;space_value&quot;:25}\">\n\t\t<div class=\"qodef-grid-inner clear\">\n\t\t<article class=\"qodef-e qodef-grid-item qodef-item--full post-6216 post type-post status-publish format-standard has-post-thumbnail hentry category-aktualnosci category-ciaza category-odzywianie category-sport tag-aktywna-mama tag-aktywnosc-w-ciazy tag-ciaza tag-dieta-w-ciazy tag-joga tag-joga-w-ciazy tag-odzywianie tag-sport tag-ubrania-dla-kobiet-w-ciazy\">\n\t<div class=\"qodef-e-inner\">\n\t\t<div class=\"qodef-e-media\">\n\t\t<div class=\"qodef-e-media-image\">\n\t\t\t\t\t<a itemprop=\"url\" href=\"https:\/\/royczykova.com\/index.php\/2022\/02\/02\/aktywna-ciaza-mity-vs-rzeczywistosc\/\">\n\t\t\t\t\t<img loading=\"lazy\" decoding=\"async\" width=\"1024\" height=\"768\" src=\"https:\/\/royczykova.com\/wp-content\/uploads\/2022\/02\/cover.jpg\" class=\"attachment-full size-full wp-post-image\" alt=\"active preganant\" srcset=\"https:\/\/royczykova.com\/wp-content\/uploads\/2022\/02\/cover.jpg 1024w, https:\/\/royczykova.com\/wp-content\/uploads\/2022\/02\/cover-300x225.jpg 300w, https:\/\/royczykova.com\/wp-content\/uploads\/2022\/02\/cover-768x576.jpg 768w\" sizes=\"auto, (max-width: 1024px) 100vw, 1024px\" \/>\t\t\t\t\t<\/a>\n\t\t\t\t\t<\/div>\n<\/div>\t\t<div class=\"qodef-e-content\">\n\t\t\t<div class=\"qodef-e-info qodef-info--top\">\n\t\t\t\t<div class=\"qodef-e-info-item qodef-e-info-author\">\n\t<span class=\"qodef-e-info-author-label\">By<\/span>\n\t<a itemprop=\"author\" class=\"qodef-e-info-author-link\" href=\"https:\/\/royczykova.com\/index.php\/author\/royczyfadmin\/\">\n\t\troyczyfadmin\t<\/a>\n<\/div><div itemprop=\"dateCreated\" class=\"qodef-e-info-item qodef-e-info-date entry-date \">\n\t<a itemprop=\"url\" href=\"https:\/\/royczykova.com\/index.php\/2022\/02\/\">2 lutego 2022<\/a>\n\t<meta itemprop=\"interactionCount\" content=\"UserComments: 0\"\/>\n<\/div><div class=\"qodef-e-info-item qodef-e-info-category\">\n\t<a href=\"https:\/\/royczykova.com\/index.php\/category\/aktualnosci\/\" rel=\"category tag\">Aktualno\u015bci<\/a>, <a href=\"https:\/\/royczykova.com\/index.php\/category\/ciaza\/\" rel=\"category tag\">Ci\u0105\u017ca<\/a>, <a href=\"https:\/\/royczykova.com\/index.php\/category\/odzywianie\/\" rel=\"category tag\">Od\u017cywianie<\/a>, <a href=\"https:\/\/royczykova.com\/index.php\/category\/sport\/\" rel=\"category tag\">Sport<\/a><\/div>\t\t\t<\/div>\n\t\t\t<div class=\"qodef-e-text\">\n\t\t\t\t<h3 itemprop=\"name\" class=\"qodef-e-title entry-title\">\n\t\t\t<a itemprop=\"url\" class=\"qodef-e-title-link\" href=\"https:\/\/royczykova.com\/index.php\/2022\/02\/02\/aktywna-ciaza-mity-vs-rzeczywistosc\/\">\n\t\t\tAktywna ci\u0105\u017ca &#8211; mity vs rzeczywisto\u015b\u0107\t\t\t<\/a>\n\t<\/h3>\t\t<p itemprop=\"description\" class=\"qodef-e-excerpt\">\n\t\t\tIlo\u015b\u0107 mit\u00f3w i zabobon\u00f3w o kobietach w ci\u0105\u017cy kt\u00f3re us\u0142ysza\u0142am przez ostatnie 8 miesi\u0119cy mo\u017ce skutecznie przyprawi\u0107 o zawr\u00f3t g\u0142owy! Pocz\u0105wszy od tych najbardziej abstrakcyjnych jak: &#8220;Nie nale\u017cy nosi\u0107 w ci\u0105\u017cy \u0142a\u0144cuszka na szyi, bo dziecko urodzi si\u0119 owini\u0119te p\u0119powin\u0105&#8221; lub &#8220;Je\u015bli poparzysz si\u0119, dziecko b\u0119dzie mia\u0142o znami\u0119&#8221; po te kt\u00f3rych s\u0142uszno\u015b\u0107 wola\u0142am dok\u0142adniej sprawdzi\u0107 [&hellip;]\t\t<\/p>\n\t\t\t\t<\/div>\n\t\t\t<div class=\"qodef-e-info qodef-info--bottom\">\n\t\t\t\t\t<div class=\"qodef-e-read-more\">\n\t\t<a class=\"qodef-shortcode qodef-m  qodef-button qodef-layout--textual  qodef-html--link\" href=\"https:\/\/royczykova.com\/index.php\/2022\/02\/02\/aktywna-ciaza-mity-vs-rzeczywistosc\/\" target=\"_self\"  >\t<span class=\"qodef-m-text\">Read More<\/span>\t<span class=\"qodef-m-lines\"><\/span><\/a>\t<\/div>\n\t\t\t<\/div>\n\t\t<\/div>\n\t<\/div>\n<\/article><article class=\"qodef-e qodef-grid-item qodef-item--full post-5886 post type-post status-publish format-standard has-post-thumbnail hentry category-aktualnosci\">\n\t<div class=\"qodef-e-inner\">\n\t\t<div class=\"qodef-e-media\">\n\t\t<div class=\"qodef-e-media-image\">\n\t\t\t\t\t<a itemprop=\"url\" href=\"https:\/\/royczykova.com\/index.php\/2021\/04\/19\/czesc-witaj-na-moim-blogu\/\">\n\t\t\t\t\t<img loading=\"lazy\" decoding=\"async\" width=\"2436\" height=\"1624\" src=\"https:\/\/royczykova.com\/wp-content\/uploads\/2021\/04\/IMG_5559-kopia.jpg\" class=\"attachment-full size-full wp-post-image\" alt=\"\" srcset=\"https:\/\/royczykova.com\/wp-content\/uploads\/2021\/04\/IMG_5559-kopia.jpg 2436w, https:\/\/royczykova.com\/wp-content\/uploads\/2021\/04\/IMG_5559-kopia-300x200.jpg 300w, https:\/\/royczykova.com\/wp-content\/uploads\/2021\/04\/IMG_5559-kopia-1024x683.jpg 1024w, https:\/\/royczykova.com\/wp-content\/uploads\/2021\/04\/IMG_5559-kopia-768x512.jpg 768w, https:\/\/royczykova.com\/wp-content\/uploads\/2021\/04\/IMG_5559-kopia-1536x1024.jpg 1536w, https:\/\/royczykova.com\/wp-content\/uploads\/2021\/04\/IMG_5559-kopia-2048x1365.jpg 2048w\" sizes=\"auto, (max-width: 2436px) 100vw, 2436px\" \/>\t\t\t\t\t<\/a>\n\t\t\t\t\t<\/div>\n<\/div>\t\t<div class=\"qodef-e-content\">\n\t\t\t<div class=\"qodef-e-info qodef-info--top\">\n\t\t\t\t<div class=\"qodef-e-info-item qodef-e-info-author\">\n\t<span class=\"qodef-e-info-author-label\">By<\/span>\n\t<a itemprop=\"author\" class=\"qodef-e-info-author-link\" href=\"https:\/\/royczykova.com\/index.php\/author\/royczyfadmin\/\">\n\t\troyczyfadmin\t<\/a>\n<\/div><div itemprop=\"dateCreated\" class=\"qodef-e-info-item qodef-e-info-date entry-date \">\n\t<a itemprop=\"url\" href=\"https:\/\/royczykova.com\/index.php\/2021\/04\/\">19 kwietnia 2021<\/a>\n\t<meta itemprop=\"interactionCount\" content=\"UserComments: 0\"\/>\n<\/div><div class=\"qodef-e-info-item qodef-e-info-category\">\n\t<a href=\"https:\/\/royczykova.com\/index.php\/category\/aktualnosci\/\" rel=\"category tag\">Aktualno\u015bci<\/a><\/div>\t\t\t<\/div>\n\t\t\t<div class=\"qodef-e-text\">\n\t\t\t\t<h3 itemprop=\"name\" class=\"qodef-e-title entry-title\">\n\t\t\t<a itemprop=\"url\" class=\"qodef-e-title-link\" href=\"https:\/\/royczykova.com\/index.php\/2021\/04\/19\/czesc-witaj-na-moim-blogu\/\">\n\t\t\tCze\u015b\u0107! Witaj na moim blogu!\t\t\t<\/a>\n\t<\/h3>\t\t<p itemprop=\"description\" class=\"qodef-e-excerpt\">\n\t\t\tCze\u015b\u0107,\u00a0\u00a0Mam na imi\u0119\u00a0Anita\u00a0i\u00a0od pi\u0119tnastego roku \u017cycia zwi\u0105zana jestem\u00a0zawodowo\u00a0ze \u015bwiatem mody.\u00a0\u00a0 Praca w bran\u017cy\u00a0fashion\u00a0by\u0142a moim marzeniem ju\u017c od dziecka.\u00a0Wkroczy\u0142am w ten pi\u0119kny, a zarazem wymagaj\u0105cy \u015bwiat jako nastolatka ucz\u0105c si\u0119\u00a0wszystkiego\u00a0na w\u0142asnych b\u0142\u0119dach.\u00a0Dzi\u015b posiadam\u00a0kilkunastoletnie do\u015bwiadczenie i\u00a0pracowa\u0142am\u00a0min.\u00a0dla takich marek jak:\u00a0LPP,\u00a0Diverse,\u00a0Deezee,\u00a0eObuwie, CCC,\u00a0Boohoo,\u00a0Modivo,\u00a0OnlyBio, Orange,\u00a0Belvedere,\u00a0Desperados, Lidl,\u00a0Martes\u00a0Sport,\u00a0Elle\t\t<\/p>\n\t\t\t\t<\/div>\n\t\t\t<div class=\"qodef-e-info qodef-info--bottom\">\n\t\t\t\t\t<div class=\"qodef-e-read-more\">\n\t\t<a class=\"qodef-shortcode qodef-m  qodef-button qodef-layout--textual  qodef-html--link\" href=\"https:\/\/royczykova.com\/index.php\/2021\/04\/19\/czesc-witaj-na-moim-blogu\/\" target=\"_self\"  >\t<span class=\"qodef-m-text\">Read More<\/span>\t<span class=\"qodef-m-lines\"><\/span><\/a>\t<\/div>\n\t\t\t<\/div>\n\t\t<\/div>\n\t<\/div>\n<\/article>\t<\/div>\n\t<\/div>\t\t<\/div>\n\t\t\t\t<\/div>\n\t\t\t\t\t<\/div>\n\t\t<\/div>\n\t\t\t\t\t\t\t<\/div>\n\t\t<\/section>\n\t\t\t\t\t\t<\/div>\n\t\t\t\t\t<\/div>\n\t\t","protected":false},"excerpt":{"rendered":"<p>By admin 19 kwietnia 2021Aktualno\u015bci Cze\u015b\u0107! Witaj na moim blogu! Witaj! Read More<\/p>\n","protected":false},"author":3,"featured_media":0,"parent":0,"menu_order":0,"comment_status":"closed","ping_status":"closed","template":"","meta":{"footnotes":""},"class_list":["post-365","page","type-page","status-publish","hentry"],"yoast_head":"<!-- This site is optimized with the Yoast SEO plugin v16.2 - https:\/\/yoast.com\/wordpress\/plugins\/seo\/ -->\n<title>Blog &bull; Anita Rojczyk<\/title>\n<meta name=\"description\" content=\"Zapraszam na mojego bloga, gdzie b\u0119d\u0119\u00a0umieszcza\u0107 aktualno\u015bci odno\u015bnie mojej osoby. Po wi\u0119cej informacji zapraszam r\u00f3wnie\u017c na Instagrama.\" \/>\n<meta name=\"robots\" content=\"index, follow, max-snippet:-1, max-image-preview:large, max-video-preview:-1\" \/>\n<link rel=\"canonical\" href=\"https:\/\/royczykova.com\/index.php\/blog\/\" \/>\n<meta property=\"og:locale\" content=\"pl_PL\" \/>\n<meta property=\"og:type\" content=\"article\" \/>\n<meta property=\"og:title\" content=\"Blog &bull; Anita Rojczyk\" \/>\n<meta property=\"og:description\" content=\"Zapraszam na mojego bloga, gdzie b\u0119d\u0119\u00a0umieszcza\u0107 aktualno\u015bci odno\u015bnie mojej osoby. Po wi\u0119cej informacji zapraszam r\u00f3wnie\u017c na Instagrama.\" \/>\n<meta property=\"og:url\" content=\"https:\/\/royczykova.com\/index.php\/blog\/\" \/>\n<meta property=\"og:site_name\" content=\"Anita Rojczyk\" \/>\n<meta property=\"article:modified_time\" content=\"2021-05-05T08:54:15+00:00\" \/>\n<meta property=\"og:image\" content=\"https:\/\/royczykova.com\/wp-content\/uploads\/2021\/02\/image00011.jpeg\" \/>\n<meta name=\"twitter:card\" content=\"summary_large_image\" \/>\n<script type=\"application\/ld+json\" class=\"yoast-schema-graph\">{\"@context\":\"https:\/\/schema.org\",\"@graph\":[{\"@type\":\"Organization\",\"@id\":\"https:\/\/royczykova.com\/#organization\",\"name\":\"Anita Rojczyk\",\"url\":\"https:\/\/royczykova.com\/\",\"sameAs\":[\"https:\/\/www.instagram.com\/royczykova\"],\"logo\":{\"@type\":\"ImageObject\",\"@id\":\"https:\/\/royczykova.com\/#logo\",\"inLanguage\":\"pl-PL\",\"url\":\"https:\/\/royczykova.com\/wp-content\/uploads\/2021\/04\/anita_rojczyk300.png\",\"contentUrl\":\"https:\/\/royczykova.com\/wp-content\/uploads\/2021\/04\/anita_rojczyk300.png\",\"width\":300,\"height\":77,\"caption\":\"Anita Rojczyk\"},\"image\":{\"@id\":\"https:\/\/royczykova.com\/#logo\"}},{\"@type\":\"WebSite\",\"@id\":\"https:\/\/royczykova.com\/#website\",\"url\":\"https:\/\/royczykova.com\/\",\"name\":\"Anita Rojczyk\",\"description\":\"Model Portfolio\",\"publisher\":{\"@id\":\"https:\/\/royczykova.com\/#organization\"},\"potentialAction\":[{\"@type\":\"SearchAction\",\"target\":\"https:\/\/royczykova.com\/?s={search_term_string}\",\"query-input\":\"required name=search_term_string\"}],\"inLanguage\":\"pl-PL\"},{\"@type\":\"ImageObject\",\"@id\":\"https:\/\/royczykova.com\/index.php\/blog\/#primaryimage\",\"inLanguage\":\"pl-PL\",\"url\":\"https:\/\/royczykova.com\/wp-content\/uploads\/2021\/02\/image00011.jpeg\",\"contentUrl\":\"https:\/\/royczykova.com\/wp-content\/uploads\/2021\/02\/image00011.jpeg\",\"width\":1920,\"height\":1280},{\"@type\":\"WebPage\",\"@id\":\"https:\/\/royczykova.com\/index.php\/blog\/#webpage\",\"url\":\"https:\/\/royczykova.com\/index.php\/blog\/\",\"name\":\"Blog &bull; Anita Rojczyk\",\"isPartOf\":{\"@id\":\"https:\/\/royczykova.com\/#website\"},\"primaryImageOfPage\":{\"@id\":\"https:\/\/royczykova.com\/index.php\/blog\/#primaryimage\"},\"datePublished\":\"2020-04-19T10:23:53+00:00\",\"dateModified\":\"2021-05-05T08:54:15+00:00\",\"description\":\"Zapraszam na mojego bloga, gdzie b\\u0119d\\u0119\\u00a0umieszcza\\u0107 aktualno\\u015bci odno\\u015bnie mojej osoby. Po wi\\u0119cej informacji zapraszam r\\u00f3wnie\\u017c na Instagrama.\",\"breadcrumb\":{\"@id\":\"https:\/\/royczykova.com\/index.php\/blog\/#breadcrumb\"},\"inLanguage\":\"pl-PL\",\"potentialAction\":[{\"@type\":\"ReadAction\",\"target\":[\"https:\/\/royczykova.com\/index.php\/blog\/\"]}]},{\"@type\":\"BreadcrumbList\",\"@id\":\"https:\/\/royczykova.com\/index.php\/blog\/#breadcrumb\",\"itemListElement\":[{\"@type\":\"ListItem\",\"position\":1,\"item\":{\"@type\":\"WebPage\",\"@id\":\"https:\/\/royczykova.com\/\",\"url\":\"https:\/\/royczykova.com\/\",\"name\":\"Strona g\\u0142\\u00f3wna\"}},{\"@type\":\"ListItem\",\"position\":2,\"item\":{\"@id\":\"https:\/\/royczykova.com\/index.php\/blog\/#webpage\"}}]}]}<\/script>\n<!-- \/ Yoast SEO plugin. -->","_links":{"self":[{"href":"https:\/\/royczykova.com\/index.php\/wp-json\/wp\/v2\/pages\/365","targetHints":{"allow":["GET"]}}],"collection":[{"href":"https:\/\/royczykova.com\/index.php\/wp-json\/wp\/v2\/pages"}],"about":[{"href":"https:\/\/royczykova.com\/index.php\/wp-json\/wp\/v2\/types\/page"}],"author":[{"embeddable":true,"href":"https:\/\/royczykova.com\/index.php\/wp-json\/wp\/v2\/users\/3"}],"replies":[{"embeddable":true,"href":"https:\/\/royczykova.com\/index.php\/wp-json\/wp\/v2\/comments?post=365"}],"version-history":[{"count":5,"href":"https:\/\/royczykova.com\/index.php\/wp-json\/wp\/v2\/pages\/365\/revisions"}],"predecessor-version":[{"id":6174,"href":"https:\/\/royczykova.com\/index.php\/wp-json\/wp\/v2\/pages\/365\/revisions\/6174"}],"wp:attachment":[{"href":"https:\/\/royczykova.com\/index.php\/wp-json\/wp\/v2\/media?parent=365"}],"curies":[{"name":"wp","href":"https:\/\/api.w.org\/{rel}","templated":true}]}}