{"id":2257,"date":"2020-04-28T08:37:41","date_gmt":"2020-04-28T08:37:41","guid":{"rendered":"https:\/\/lekker.qodeinteractive.com\/?page_id=2257"},"modified":"2021-05-05T10:55:09","modified_gmt":"2021-05-05T08:55:09","slug":"skontaktuj-sie","status":"publish","type":"page","link":"https:\/\/royczykova.com\/index.php\/skontaktuj-sie\/","title":{"rendered":"Skontaktuj si\u0119"},"content":{"rendered":"\t\t<div data-elementor-type=\"wp-page\" data-elementor-id=\"2257\" class=\"elementor elementor-2257\" data-elementor-settings=\"[]\">\n\t\t\t\t\t\t\t<div class=\"elementor-section-wrap\">\n\t\t\t\t\t\t\t<section class=\"elementor-section elementor-top-section elementor-element elementor-element-764f92d elementor-section-height-full elementor-section-full_width elementor-section-height-default elementor-section-items-middle qodef-elementor-content-no\" data-id=\"764f92d\" data-element_type=\"section\">\n\t\t\t\t\t\t<div class=\"elementor-container elementor-column-gap-default\">\n\t\t\t\t\t<div class=\"elementor-column elementor-col-100 elementor-top-column elementor-element elementor-element-3bb5530\" data-id=\"3bb5530\" data-element_type=\"column\">\n\t\t\t<div class=\"elementor-widget-wrap elementor-element-populated\">\n\t\t\t\t\t\t\t\t<div class=\"elementor-element elementor-element-7fa31e6 elementor-widget__width-auto elementor-widget elementor-widget-wp-widget-lekker_core_custom_font\" data-id=\"7fa31e6\" data-element_type=\"widget\" data-widget_type=\"wp-widget-lekker_core_custom_font.default\">\n\t\t\t\t<div class=\"elementor-widget-container\">\n\t\t\t\t<p class=\"qodef-shortcode qodef-m  qodef-custom-font qodef-custom-font-6735 qodef-layout--simple\" style=\"color: #000;font-family: Poppins;font-size: 49px;font-weight: 700\">Napisz do mnie przez:<\/p>\r\n\t\t<\/div>\n\t\t\t\t<\/div>\n\t\t\t\t<section class=\"elementor-section elementor-inner-section elementor-element elementor-element-25578ef elementor-section-boxed elementor-section-height-default elementor-section-height-default qodef-elementor-content-no\" data-id=\"25578ef\" data-element_type=\"section\">\n\t\t\t\t\t\t<div class=\"elementor-container elementor-column-gap-default\">\n\t\t\t\t\t<div class=\"elementor-column elementor-col-50 elementor-inner-column elementor-element elementor-element-4ee48eb\" data-id=\"4ee48eb\" data-element_type=\"column\">\n\t\t\t<div class=\"elementor-widget-wrap elementor-element-populated\">\n\t\t\t\t\t\t\t\t<div class=\"elementor-element elementor-element-647c89a elementor-widget__width-auto elementor-invisible elementor-widget elementor-widget-wp-widget-lekker_core_custom_font\" data-id=\"647c89a\" data-element_type=\"widget\" data-settings=\"{&quot;_animation&quot;:&quot;fadeIn&quot;}\" data-widget_type=\"wp-widget-lekker_core_custom_font.default\">\n\t\t\t\t<div class=\"elementor-widget-container\">\n\t\t\t\t<a itemprop=\"url\" href=\"mailto:hello@royczykova.com\" target=\"_blank\">\r\n\t<p class=\"qodef-shortcode qodef-m  qodef-custom-font qodef-custom-font-8559 qodef-layout--simple\" style=\"color: #000;font-family: Poppins;font-size: 26px;font-weight: 700\">E-mail: hello@royczykova.com<\/p>\r\n\t<\/a>\r\n\t\t<\/div>\n\t\t\t\t<\/div>\n\t\t\t\t\t<\/div>\n\t\t<\/div>\n\t\t\t\t<div class=\"elementor-column elementor-col-50 elementor-inner-column elementor-element elementor-element-ac9403a\" data-id=\"ac9403a\" data-element_type=\"column\">\n\t\t\t<div class=\"elementor-widget-wrap elementor-element-populated\">\n\t\t\t\t\t\t\t\t<div class=\"elementor-element elementor-element-2dcb801 elementor-widget__width-auto elementor-invisible elementor-widget elementor-widget-wp-widget-lekker_core_custom_font\" data-id=\"2dcb801\" data-element_type=\"widget\" data-settings=\"{&quot;_animation&quot;:&quot;fadeIn&quot;}\" data-widget_type=\"wp-widget-lekker_core_custom_font.default\">\n\t\t\t\t<div class=\"elementor-widget-container\">\n\t\t\t\t<a itemprop=\"url\" href=\"https:\/\/www.instagram.com\/royczykova\/?hl=pl\" target=\"_blank\">\r\n\t<p class=\"qodef-shortcode qodef-m  qodef-custom-font qodef-custom-font-6118 qodef-layout--simple\" style=\"color: #000;font-family: Poppins;font-size: 25px;font-weight: 700\">Instagram: instagram.com\/royczykova<\/p>\r\n\t<\/a>\r\n\t\t<\/div>\n\t\t\t\t<\/div>\n\t\t\t\t\t<\/div>\n\t\t<\/div>\n\t\t\t\t\t\t\t<\/div>\n\t\t<\/section>\n\t\t\t\t\t<\/div>\n\t\t<\/div>\n\t\t\t\t\t\t\t<\/div>\n\t\t<\/section>\n\t\t\t\t\t\t<\/div>\n\t\t\t\t\t<\/div>\n\t\t","protected":false},"excerpt":{"rendered":"","protected":false},"author":3,"featured_media":0,"parent":0,"menu_order":0,"comment_status":"closed","ping_status":"closed","template":"page-full-width.php","meta":{"footnotes":""},"class_list":["post-2257","page","type-page","status-publish","hentry"],"yoast_head":"<!-- This site is optimized with the Yoast SEO plugin v16.2 - https:\/\/yoast.com\/wordpress\/plugins\/seo\/ -->\n<title>Skontaktuj si\u0119 &bull; Anita Rojczyk<\/title>\n<meta name=\"description\" content=\"Skontaktuj si\u0119\u00a0ze mn\u0105 pisz\u0105c na adres hello@royczykova.com lub bezpo\u015brednio na Instagramie: @royczykova. Zapraszam do kontaktu!\" \/>\n<meta name=\"robots\" content=\"index, follow, max-snippet:-1, max-image-preview:large, max-video-preview:-1\" \/>\n<link rel=\"canonical\" href=\"https:\/\/royczykova.com\/index.php\/skontaktuj-sie\/\" \/>\n<meta property=\"og:locale\" content=\"pl_PL\" \/>\n<meta property=\"og:type\" content=\"article\" \/>\n<meta property=\"og:title\" content=\"Skontaktuj si\u0119 &bull; Anita Rojczyk\" \/>\n<meta property=\"og:description\" content=\"Skontaktuj si\u0119\u00a0ze mn\u0105 pisz\u0105c na adres hello@royczykova.com lub bezpo\u015brednio na Instagramie: @royczykova. Zapraszam do kontaktu!\" \/>\n<meta property=\"og:url\" content=\"https:\/\/royczykova.com\/index.php\/skontaktuj-sie\/\" \/>\n<meta property=\"og:site_name\" content=\"Anita Rojczyk\" \/>\n<meta property=\"article:modified_time\" content=\"2021-05-05T08:55:09+00:00\" \/>\n<meta name=\"twitter:card\" content=\"summary_large_image\" \/>\n<script type=\"application\/ld+json\" class=\"yoast-schema-graph\">{\"@context\":\"https:\/\/schema.org\",\"@graph\":[{\"@type\":\"Organization\",\"@id\":\"https:\/\/royczykova.com\/#organization\",\"name\":\"Anita Rojczyk\",\"url\":\"https:\/\/royczykova.com\/\",\"sameAs\":[\"https:\/\/www.instagram.com\/royczykova\"],\"logo\":{\"@type\":\"ImageObject\",\"@id\":\"https:\/\/royczykova.com\/#logo\",\"inLanguage\":\"pl-PL\",\"url\":\"https:\/\/royczykova.com\/wp-content\/uploads\/2021\/04\/anita_rojczyk300.png\",\"contentUrl\":\"https:\/\/royczykova.com\/wp-content\/uploads\/2021\/04\/anita_rojczyk300.png\",\"width\":300,\"height\":77,\"caption\":\"Anita Rojczyk\"},\"image\":{\"@id\":\"https:\/\/royczykova.com\/#logo\"}},{\"@type\":\"WebSite\",\"@id\":\"https:\/\/royczykova.com\/#website\",\"url\":\"https:\/\/royczykova.com\/\",\"name\":\"Anita Rojczyk\",\"description\":\"Model Portfolio\",\"publisher\":{\"@id\":\"https:\/\/royczykova.com\/#organization\"},\"potentialAction\":[{\"@type\":\"SearchAction\",\"target\":\"https:\/\/royczykova.com\/?s={search_term_string}\",\"query-input\":\"required name=search_term_string\"}],\"inLanguage\":\"pl-PL\"},{\"@type\":\"WebPage\",\"@id\":\"https:\/\/royczykova.com\/index.php\/skontaktuj-sie\/#webpage\",\"url\":\"https:\/\/royczykova.com\/index.php\/skontaktuj-sie\/\",\"name\":\"Skontaktuj si\\u0119 &bull; Anita Rojczyk\",\"isPartOf\":{\"@id\":\"https:\/\/royczykova.com\/#website\"},\"datePublished\":\"2020-04-28T08:37:41+00:00\",\"dateModified\":\"2021-05-05T08:55:09+00:00\",\"description\":\"Skontaktuj si\\u0119\\u00a0ze mn\\u0105 pisz\\u0105c na adres hello@royczykova.com lub bezpo\\u015brednio na Instagramie: @royczykova. Zapraszam do kontaktu!\",\"breadcrumb\":{\"@id\":\"https:\/\/royczykova.com\/index.php\/skontaktuj-sie\/#breadcrumb\"},\"inLanguage\":\"pl-PL\",\"potentialAction\":[{\"@type\":\"ReadAction\",\"target\":[\"https:\/\/royczykova.com\/index.php\/skontaktuj-sie\/\"]}]},{\"@type\":\"BreadcrumbList\",\"@id\":\"https:\/\/royczykova.com\/index.php\/skontaktuj-sie\/#breadcrumb\",\"itemListElement\":[{\"@type\":\"ListItem\",\"position\":1,\"item\":{\"@type\":\"WebPage\",\"@id\":\"https:\/\/royczykova.com\/\",\"url\":\"https:\/\/royczykova.com\/\",\"name\":\"Strona g\\u0142\\u00f3wna\"}},{\"@type\":\"ListItem\",\"position\":2,\"item\":{\"@id\":\"https:\/\/royczykova.com\/index.php\/skontaktuj-sie\/#webpage\"}}]}]}<\/script>\n<!-- \/ Yoast SEO plugin. -->","_links":{"self":[{"href":"https:\/\/royczykova.com\/index.php\/wp-json\/wp\/v2\/pages\/2257","targetHints":{"allow":["GET"]}}],"collection":[{"href":"https:\/\/royczykova.com\/index.php\/wp-json\/wp\/v2\/pages"}],"about":[{"href":"https:\/\/royczykova.com\/index.php\/wp-json\/wp\/v2\/types\/page"}],"author":[{"embeddable":true,"href":"https:\/\/royczykova.com\/index.php\/wp-json\/wp\/v2\/users\/3"}],"replies":[{"embeddable":true,"href":"https:\/\/royczykova.com\/index.php\/wp-json\/wp\/v2\/comments?post=2257"}],"version-history":[{"count":40,"href":"https:\/\/royczykova.com\/index.php\/wp-json\/wp\/v2\/pages\/2257\/revisions"}],"predecessor-version":[{"id":6012,"href":"https:\/\/royczykova.com\/index.php\/wp-json\/wp\/v2\/pages\/2257\/revisions\/6012"}],"wp:attachment":[{"href":"https:\/\/royczykova.com\/index.php\/wp-json\/wp\/v2\/media?parent=2257"}],"curies":[{"name":"wp","href":"https:\/\/api.w.org\/{rel}","templated":true}]}}